{"id":66,"date":"2013-04-09T07:24:17","date_gmt":"2013-04-09T07:24:17","guid":{"rendered":"http:\/\/www.remsa.com\/es\/?page_id=66"},"modified":"2025-05-30T17:01:51","modified_gmt":"2025-05-30T17:01:51","slug":"heavy-duty-line","status":"publish","type":"page","link":"https:\/\/www.remsa.com\/es\/productos\/heavy-duty-line\/","title":{"rendered":"Heavy Duty Line"},"content":{"rendered":"<p>La gama de pastillas y discos de freno Remsa Heavy duty Line, ha sido dise\u00f1ada para los requerimientos de los veh\u00edculos industriales, y es el resultado de una continua investigaci\u00f3n y desarrollo llevado a cabo por expertos profesionales con un exhaustivo programa de test.<\/p>\n<ul id=\"tabs\" class=\"nav nav-tabs\" data-tabs=\"tabs\">\n<li class=\"tabs \"><a data-toggle=\"tab\" href=\"#\"><\/a><\/li>\n<li class=\"tabs \"><a data-toggle=\"tab\" href=\"#tab2-slug\">Discos de freno<\/a><\/li>\n<li class=\"tabs \"><a data-toggle=\"tab\" href=\"#tab3-slug\">Accesorios<\/a><\/li>\n<li class=\"tabs \"><a data-toggle=\"tab\" href=\"#tab4-slug\">Test de pastillas<\/a><\/li>\n<\/ul>\n<div id=\"my-tab-content\" class=\"tab-content\">\n<div id=\"\" class=\"tab-pane \">\n<\/div>\n<div id=\"tab2-slug\" class=\"tab-pane \">\n<p><h3>Discos de freno Remsa Heavy Duty Line<\/h3>\n<p><a href=\"http:\/\/www.remsa.com\/es\/wp-content\/uploads\/imagesfull\/disco-freno.jpg\" rel=\"prettyPhoto\"><img loading=\"lazy\" decoding=\"async\" class=\"alignright\" style=\"margin: 0px 0px 0px 15px;\" src=\"http:\/\/www.remsa.com\/es\/wp-content\/uploads\/2013\/04\/disco-freno.jpg\" alt=\"\" width=\"346\" height=\"270\" \/><\/a>El constante incremento en la adopci\u00f3n de discos de freno en sustituci\u00f3n de los tambores como ocurr\u00eda en el pasado permite:<\/p>\n<ul>\n<li>Una mejor disipaci\u00f3n del calor<\/li>\n<li>Una destacable reducci\u00f3n del efecto fading<\/li>\n<li>Reducci\u00f3n de la distancia de frenado<\/li>\n<li>Una mejora general de la seguridad pasiva y activa<\/li>\n<li>Mayor comfort respecto a la aparici\u00f3n de ruidos y vibraciones<\/li>\n<\/ul>\n<p><span style=\"font-size: 16px;\"><b>Materia prima<\/b><\/span><\/p>\n<p>Los discos Remsa Heavy Duty Line est\u00e1n fabricados con los standars requeridos por los fabricantes de veh\u00edculos, los uales usan fundici\u00f3n de acero gris perl\u00edtica con especificaciones mec\u00e1nicas iguales a las de los componentes originales (EN JGL 250 en el caso de Remsa).<\/p>\n<p><a href=\"http:\/\/www.remsa.com\/es\/wp-content\/uploads\/imagesfull\/disco-freno1.jpg\" rel=\"prettyPhoto\"><img loading=\"lazy\" decoding=\"async\" class=\"img2 alignleft\" style=\"margin: 2px 15px 4px 0px;\" src=\"http:\/\/www.remsa.com\/es\/wp-content\/uploads\/2013\/04\/disco-freno1.jpg\" alt=\"\" width=\"340\" height=\"260\" \/><\/a><span style=\"font-size: 16px;\"><b>Primeros procesos de producci\u00f3n<\/b><\/span><\/p>\n<p>Durante el proceso de fundici\u00f3n, y especialmente durante la ventilaci\u00f3n, todas las medidas tomadas deben prevenir el estress t\u00e9rmico.Los constantes controles chequean las funciones, libres de grietas, micro burbujas y otros defectos que pueden afectar la vida del disco y su rendimiento.<\/p>\n<p><span style=\"font-size: 16px;\"><b>Precisi\u00f3n en el taladro<\/b><\/span><\/p>\n<p>El posicionamiento del disco es asegurado por la ubicaci\u00f3n precisa en micras de mm. de los taladros de fijaci\u00f3n y del buje. La precisi\u00f3n de mecanizados, como requier el plano t\u00e9cnico est\u00e1 controlado por sofisticados instrumentos digitales de medida.<\/p>\n<p><span style=\"font-size: 16px;\"><b>Planitud y paralelismo<\/b><\/span><\/p>\n<p>El mecanizado tiene lugar en l\u00edneas de control num\u00e9rico capaces de mantener el correcto paralelismo y planitud. El control de las estrictas tolerancias garantiza un m\u00ednimo DTV (variaci\u00f3n de espesor del disco) y tambi\u00e9n una maniobra de frenada confortable, libre de ruidos y vibraciones.<\/p>\n<p><span style=\"font-size: 16px;\"><b>Marcaje del producto<\/b><\/span><\/p>\n<p>El producto es marcado en el canto del disco, mostrando:<a href=\"http:\/\/www.remsa.com\/es\/wp-content\/uploads\/imagesfull\/disco-freno2.jpg\" rel=\"prettyPhoto\"><img loading=\"lazy\" decoding=\"async\" class=\"alignright\" style=\"margin: 0px 0px 0px 15px;\" src=\"http:\/\/www.remsa.com\/es\/wp-content\/uploads\/2013\/04\/disco-freno2.jpg\" alt=\"\" width=\"346\" height=\"270\" \/><\/a><\/p>\n<ul>\n<li>Marca Remsa<\/li>\n<li>Referencia<\/li>\n<li>Lote de colada<\/li>\n<li>Espesor m\u00ednimo<\/li>\n<\/ul>\n<p>Los discos est\u00e1n cubiertos por una capa aceitosa de protecci\u00f3n contra la corrosi\u00f3n durante el almacenamiento <\/p>\n<\/div>\n<div id=\"tab3-slug\" class=\"tab-pane \">\n<p><h3>Accesorios<\/h3>\n<p><a href=\"http:\/\/www.remsa.com\/es\/wp-content\/uploads\/imagesfull\/accesorios.jpg\" rel=\"prettyPhoto\"><img loading=\"lazy\" decoding=\"async\" class=\"alignleft\" style=\"margin: 0px 15px 0px 0px;\" src=\"http:\/\/www.remsa.com\/es\/wp-content\/uploads\/2013\/04\/accesorios.jpg\" alt=\"\" width=\"340\" height=\"270\" \/><\/a>La gama de pastillas Remsa Heavy Duty Line est\u00e1 completada por un kit de accesorios, que combinados con el producto b\u00e1sico, hace posible la cobertura de la mayor cantidad de variaciones posibles en cada mercado. <\/p>\n<\/div>\n<div id=\"tab4-slug\" class=\"tab-pane \">\n<p><h3>Test de pastillas Heavy Duty Line<\/h3>\n<p><span style=\"font-size: 16px;\"><b>Duraci\u00f3n<\/b><\/span><\/p>\n<p><a href=\"http:\/\/www.remsa.com\/es\/wp-content\/uploads\/imagesfull\/capacidad2.jpg\" rel=\"prettyPhoto\"><img loading=\"lazy\" decoding=\"async\" class=\"alignleft\" style=\"margin: 0px 15px 0px 0px;\" src=\"http:\/\/www.remsa.com\/es\/wp-content\/uploads\/2013\/04\/capacidad2.jpg\" alt=\"\" width=\"590\" height=\"392\" \/><\/a>Los test de vida \u00fatil en 12 cabezas tractoras y plataformas durante 300.000 jms. han demostrado que las pastillas Remsa Heavy Duty Line duran hasta un 15 % m\u00e1s que otras pastillas de calidad contrastada. De aqu\u00ed el nombre de &#8220;Long Life&#8221; FEMFF (Federaci\u00f3n de fabricantes de material de fricci\u00f3n Europeos) desarrolla una serie de test com\u00fan a todos ellos como un standard de protocolo dinamom\u00e9trico. Estos test muestran la evoluci\u00f3n en los capacidad de fricci\u00f3n de muchos materiales comparados con el nuevo material Remsa Heavy Duty Line.<\/p>\n<p><b style=\"margin-top: 15px;\"><span style=\"font-size: 16px;\">Test de laboratorio<\/span><br \/>\n<\/b><\/p>\n<p><strong>Test de compresibilidad<\/strong> Este test asegura que la fuerza en el peda no es excesiva, previniendo tambi\u00e9n la aparici\u00f3n de ruidos.<\/p>\n<p><strong>Test de cizalladura<\/strong><\/p>\n<p><a href=\"http:\/\/www.remsa.com\/es\/wp-content\/uploads\/imagesfull\/Graf-Cizallamiento-3_RM.jpg\" rel=\"prettyPhoto\"><img loading=\"lazy\" decoding=\"async\" class=\"alignright\" style=\"margin: 0px 0px 6px 15px;\" src=\"http:\/\/www.remsa.com\/es\/wp-content\/uploads\/2013\/04\/Graf-Cizallamiento-3_RM.jpg\" alt=\"\" width=\"299\" height=\"200\" \/><\/a>Esto significa la medida de la resistencia a la rotura de acuerdo con la ISO 6312 1981. Es necesario ofrecer una resistencia m\u00ednima de 250 N\/cm2. La directiva tambi\u00e9n tiene requerimientos en el marcaje y el empaquetado del producto como lo hace para las pastillas de turismos.<\/p>\n<p><span style=\"font-size: 16px;\"><b>Homologaci\u00f3n ECE-R90 (Pastillas y discos de freno)<\/b><\/span><a href=\"http:\/\/www.remsa.com\/es\/wp-content\/uploads\/imagesfull\/test-pastillas.jpg\" rel=\"prettyPhoto\"><img loading=\"lazy\" decoding=\"async\" class=\"alignright\" style=\"margin: 0px 0px 6px 15px;\" src=\"http:\/\/www.remsa.com\/es\/wp-content\/uploads\/2013\/04\/test-pastillas.jpg\" alt=\"\" width=\"671\" height=\"571\" \/><\/a><\/p>\n<p>El reglamento 90 deriva de la Directiva Europea 2002\/78 CE, el cual requiere que todos los fabricantes de material de fricci\u00f3n para recambio tienen que tener todos sus productos homologados.\u00a0Los tests son los mismos que aquellos que se requieren para la homologaci\u00f3n del equipo original.<\/p>\n<p>Test tipo 0: rendimiento del material en fr\u00edo<\/p>\n<p>Test tipo 1: rendimiento del material en caliente La homologaci\u00f3n para las pastillas de recambio requiere test espec\u00edficos al m\u00e1s alto nivel de los equipo original:<\/p>\n<ul>\n<li>Sensibilidad a la velocidad<\/li>\n<li>Compraraci\u00f3n en fr\u00edo<\/li>\n<\/ul>\n<p>La desviaci\u00f3n admitida es +\/- 15% comparado con el material del equipo original.<\/p>\n<\/div>\n<\/div>\n","protected":false},"excerpt":{"rendered":"<p>La gama de pastillas y discos de freno Remsa Heavy duty Line, ha sido dise\u00f1ada para los requerimientos de los veh\u00edculos industriales, y es el resultado de una continua investigaci\u00f3n y desarrollo llevado a cabo por expertos profesionales con un exhaustivo programa de test.<\/p>\n","protected":false},"author":1,"featured_media":0,"parent":30,"menu_order":0,"comment_status":"open","ping_status":"open","template":"page-productos.php","meta":{"footnotes":""},"class_list":["post-66","page","type-page","status-publish","hentry"],"_links":{"self":[{"href":"https:\/\/www.remsa.com\/es\/wp-json\/wp\/v2\/pages\/66","targetHints":{"allow":["GET"]}}],"collection":[{"href":"https:\/\/www.remsa.com\/es\/wp-json\/wp\/v2\/pages"}],"about":[{"href":"https:\/\/www.remsa.com\/es\/wp-json\/wp\/v2\/types\/page"}],"author":[{"embeddable":true,"href":"https:\/\/www.remsa.com\/es\/wp-json\/wp\/v2\/users\/1"}],"replies":[{"embeddable":true,"href":"https:\/\/www.remsa.com\/es\/wp-json\/wp\/v2\/comments?post=66"}],"version-history":[{"count":345,"href":"https:\/\/www.remsa.com\/es\/wp-json\/wp\/v2\/pages\/66\/revisions"}],"predecessor-version":[{"id":1642,"href":"https:\/\/www.remsa.com\/es\/wp-json\/wp\/v2\/pages\/66\/revisions\/1642"}],"up":[{"embeddable":true,"href":"https:\/\/www.remsa.com\/es\/wp-json\/wp\/v2\/pages\/30"}],"wp:attachment":[{"href":"https:\/\/www.remsa.com\/es\/wp-json\/wp\/v2\/media?parent=66"}],"curies":[{"name":"wp","href":"https:\/\/api.w.org\/{rel}","templated":true}]}}