{"id":65,"date":"2013-04-09T07:24:01","date_gmt":"2013-04-09T07:24:01","guid":{"rendered":"http:\/\/www.remsa.com\/es\/?page_id=65"},"modified":"2025-05-30T16:51:29","modified_gmt":"2025-05-30T16:51:29","slug":"mundo-remsa","status":"publish","type":"page","link":"https:\/\/www.remsa.com\/es\/mundo-remsa\/","title":{"rendered":"Mundo Remsa"},"content":{"rendered":"<p>Una historia de continuo crecimiento y desarrollo tecnol\u00f3gico, ha situado hoy a nuestra compa\u00f1\u00eda en el liderazgo del aftermarket europeo, contando con una posici\u00f3n muy consolidada y disponiendo de los medios tecnol\u00f3gicos m\u00e1s avanzados de la industria de la fricci\u00f3n exigidos por los fabricantes de veh\u00edculos, puestos a disposici\u00f3n exclusiva del mercado independiente.<\/p>\n<ul id=\"tabs\" class=\"nav nav-tabs\" data-tabs=\"tabs\">\n<li class=\"tabs \"><a data-toggle=\"tab\" href=\"#\"><\/a><\/li>\n<\/ul>\n<div id=\"my-tab-content\" class=\"tab-content\">\n<div id=\"\" class=\"tab-pane \">\n<\/div>\n<\/div>\n","protected":false},"excerpt":{"rendered":"<p>Una historia de continuo crecimiento y desarrollo tecnol\u00f3gico, ha situado hoy a nuestra compa\u00f1\u00eda en el liderazgo del aftermarket europeo, contando con una posici\u00f3n muy consolidada y disponiendo de los medios tecnol\u00f3gicos m\u00e1s avanzados de la industria de la fricci\u00f3n exigidos por los fabricantes de veh\u00edculos, puestos a disposici\u00f3n exclusiva del mercado independiente.<\/p>\n","protected":false},"author":1,"featured_media":0,"parent":0,"menu_order":0,"comment_status":"open","ping_status":"closed","template":"page-defecto.php","meta":{"footnotes":""},"class_list":["post-65","page","type-page","status-publish","hentry"],"_links":{"self":[{"href":"https:\/\/www.remsa.com\/es\/wp-json\/wp\/v2\/pages\/65","targetHints":{"allow":["GET"]}}],"collection":[{"href":"https:\/\/www.remsa.com\/es\/wp-json\/wp\/v2\/pages"}],"about":[{"href":"https:\/\/www.remsa.com\/es\/wp-json\/wp\/v2\/types\/page"}],"author":[{"embeddable":true,"href":"https:\/\/www.remsa.com\/es\/wp-json\/wp\/v2\/users\/1"}],"replies":[{"embeddable":true,"href":"https:\/\/www.remsa.com\/es\/wp-json\/wp\/v2\/comments?post=65"}],"version-history":[{"count":129,"href":"https:\/\/www.remsa.com\/es\/wp-json\/wp\/v2\/pages\/65\/revisions"}],"predecessor-version":[{"id":1639,"href":"https:\/\/www.remsa.com\/es\/wp-json\/wp\/v2\/pages\/65\/revisions\/1639"}],"wp:attachment":[{"href":"https:\/\/www.remsa.com\/es\/wp-json\/wp\/v2\/media?parent=65"}],"curies":[{"name":"wp","href":"https:\/\/api.w.org\/{rel}","templated":true}]}}