{"id":43,"date":"2013-04-08T11:33:48","date_gmt":"2013-04-08T11:33:48","guid":{"rendered":"http:\/\/www.remsa.com\/es\/?page_id=43"},"modified":"2025-05-30T17:04:45","modified_gmt":"2025-05-30T17:04:45","slug":"liquido-de-frenos-dot-4","status":"publish","type":"page","link":"https:\/\/www.remsa.com\/es\/productos\/liquido-de-frenos-dot-4\/","title":{"rendered":"L\u00edq de frenos DOT-4"},"content":{"rendered":"<p><a title=\"L\u00edquido de frenos DOT-4\" href=\"http:\/\/www.remsa.com\/es\/wp-content\/uploads\/imagesfull\/lfreno2.jpg\" rel=\"prettyPhoto\"><img loading=\"lazy\" decoding=\"async\" class=\"img2 alignleft\" style=\"margin: 0px 15px 15px 0px;\" src=\"http:\/\/www.remsa.com\/es\/wp-content\/uploads\/2013\/04\/lfreno2.jpg\" alt=\"\" width=\"2843\" height=\"4054\" \/><\/a><span style=\"font-size: 20px; color: #000;\"><strong>Frenos de base mineral<\/strong><\/span><\/p>\n<p>El L\u00edquido de Frenos Remsa DOT-4\u00a0 es apto para sistemas hidr\u00e1ulicos de freno y embrague que no requieran un l\u00edquido de frenos de base mineral. Cumple con la norma UNE 26-109-88 certificada en el laboratorio oficial del Instituto Nacional de T\u00e9cnica Aeroespacial. SAE J1703 and ISO 4925. La temperatura m\u00ednima de ebullici\u00f3n en seco es 260\u00ba. Es recomendable cambiar el l\u00edquido de frenos cada 2 a\u00f1os para mantener un comportamiento \u00f3ptimo del sistema de frenos y por lo tanto realizar una frenada segura. La contaminaci\u00f3n por agua del l\u00edquido de frenos puede acortar la vida del sistema de frenos hidr\u00e1ulico. El L\u00edquido de Frenos absorbe humedad a trav\u00e9s de los latiguillos de freno. Con el uso de los frenos el L\u00edquido de Frenos se calienta, con el tiempo el punto de ebullici\u00f3n del L\u00edquido de Frenos disminuye a medida que va absorbiendo la humedad del aire. Adem\u00e1s si el L\u00edquido de Frenos no se reemplaza con regularidad, las piezas de goma tanto del Cilindro Principal de freno como de los Cilindros de Rueda pueden deteriorarse por la corrosi\u00f3n.<\/p>\n<div class=\"clear\"><\/div>\n","protected":false},"excerpt":{"rendered":"<p>Frenos de base mineral El L\u00edquido de Frenos Remsa DOT-4\u00a0 es apto para sistemas hidr\u00e1ulicos de freno y embrague que no requieran un l\u00edquido de frenos de base mineral. Cumple con la norma UNE 26-109-88 certificada en el laboratorio oficial del Instituto Nacional de T\u00e9cnica Aeroespacial. SAE J1703 and ISO 4925. La temperatura m\u00ednima de [&hellip;]<\/p>\n","protected":false},"author":1,"featured_media":0,"parent":30,"menu_order":0,"comment_status":"open","ping_status":"closed","template":"page-productos.php","meta":{"footnotes":""},"class_list":["post-43","page","type-page","status-publish","hentry"],"_links":{"self":[{"href":"https:\/\/www.remsa.com\/es\/wp-json\/wp\/v2\/pages\/43","targetHints":{"allow":["GET"]}}],"collection":[{"href":"https:\/\/www.remsa.com\/es\/wp-json\/wp\/v2\/pages"}],"about":[{"href":"https:\/\/www.remsa.com\/es\/wp-json\/wp\/v2\/types\/page"}],"author":[{"embeddable":true,"href":"https:\/\/www.remsa.com\/es\/wp-json\/wp\/v2\/users\/1"}],"replies":[{"embeddable":true,"href":"https:\/\/www.remsa.com\/es\/wp-json\/wp\/v2\/comments?post=43"}],"version-history":[{"count":20,"href":"https:\/\/www.remsa.com\/es\/wp-json\/wp\/v2\/pages\/43\/revisions"}],"predecessor-version":[{"id":1647,"href":"https:\/\/www.remsa.com\/es\/wp-json\/wp\/v2\/pages\/43\/revisions\/1647"}],"up":[{"embeddable":true,"href":"https:\/\/www.remsa.com\/es\/wp-json\/wp\/v2\/pages\/30"}],"wp:attachment":[{"href":"https:\/\/www.remsa.com\/es\/wp-json\/wp\/v2\/media?parent=43"}],"curies":[{"name":"wp","href":"https:\/\/api.w.org\/{rel}","templated":true}]}}