{"id":42,"date":"2013-04-08T11:33:26","date_gmt":"2013-04-08T11:33:26","guid":{"rendered":"http:\/\/www.remsa.com\/es\/?page_id=42"},"modified":"2013-07-22T11:45:11","modified_gmt":"2013-07-22T11:45:11","slug":"latiguillos","status":"publish","type":"page","link":"https:\/\/www.remsa.com\/es\/productos\/latiguillos\/","title":{"rendered":"Latiguillos"},"content":{"rendered":"<p><a href=\"http:\/\/www.remsa.com\/es\/wp-content\/uploads\/imagesfull\/Latiguillos2.jpg\" rel=\"prettyPhoto\"><img loading=\"lazy\" decoding=\"async\" class=\"img2 alignleft\" style=\"margin: 0px 15px 15px 0px;\" alt=\"\" src=\"http:\/\/www.remsa.com\/es\/wp-content\/uploads\/2013\/04\/Latiguillos2.jpg\" width=\"296\" height=\"222\" \/><\/a><\/p>\n<p><strong><span style=\"font-size: 20px; color: #000;\">Filtraci\u00f3n de agua<\/span><\/strong><\/p>\n<p>El Latiguillo de Freno es la parte m\u00e1s sensible a la filtraci\u00f3n de agua. La contaminaci\u00f3n del l\u00edquido de frenos por el agua puede provocar que, a altas temperaturas, esta agua se convierta en vapor, con un riesgo importante de fallo en los frenos. La principal caracter\u00edstica de los<\/p>\n<p>Latiguillos de freno ha de ser una <strong>baja tasa de dilataci\u00f3n volum\u00e9trica<\/strong> para proporcionar una mejor sensibilidad en la respuesta al pedal y, en consecuencia, menor distancia de frenado.<\/p>\n<p><strong><span style=\"font-size: 20px; color: #000;\">Control de calidad<\/span><\/strong><\/p>\n<p>Un exhaustivo control de calidad y los numerosos test que se realizan en la fabricaci\u00f3n de nuestros Latiguillos de freno garantizan una fluida circulaci\u00f3n del l\u00edquido de frenos y por tanto una <strong>\u00f3ptima presi\u00f3n en el circuito hidr\u00e1ulico<\/strong>, fundamental para el buen funcionamiento de los sistemas de seguridad que incorporan hoy d\u00eda gran parte de los veh\u00edculos como ABS, ESP,\u2026 Los Latiguillos de freno Remsa cumplen las especificaciones internaciones SAE J1401 y FMVSS 106. Adem\u00e1s los terminales est\u00e1n fabricados con materiales que evitan la formaci\u00f3n de \u00f3xido y corrosi\u00f3n.<\/p>\n","protected":false},"excerpt":{"rendered":"<p>Filtraci\u00f3n de agua El Latiguillo de Freno es la parte m\u00e1s sensible a la filtraci\u00f3n de agua. La contaminaci\u00f3n del l\u00edquido de frenos por el agua puede provocar que, a altas temperaturas, esta agua se convierta en vapor, con un riesgo importante de fallo en los frenos. La principal caracter\u00edstica de los Latiguillos de freno [&hellip;]<\/p>\n","protected":false},"author":1,"featured_media":0,"parent":30,"menu_order":0,"comment_status":"open","ping_status":"closed","template":"page-productos.php","meta":{"footnotes":""},"class_list":["post-42","page","type-page","status-publish","hentry"],"_links":{"self":[{"href":"https:\/\/www.remsa.com\/es\/wp-json\/wp\/v2\/pages\/42","targetHints":{"allow":["GET"]}}],"collection":[{"href":"https:\/\/www.remsa.com\/es\/wp-json\/wp\/v2\/pages"}],"about":[{"href":"https:\/\/www.remsa.com\/es\/wp-json\/wp\/v2\/types\/page"}],"author":[{"embeddable":true,"href":"https:\/\/www.remsa.com\/es\/wp-json\/wp\/v2\/users\/1"}],"replies":[{"embeddable":true,"href":"https:\/\/www.remsa.com\/es\/wp-json\/wp\/v2\/comments?post=42"}],"version-history":[{"count":29,"href":"https:\/\/www.remsa.com\/es\/wp-json\/wp\/v2\/pages\/42\/revisions"}],"predecessor-version":[{"id":1417,"href":"https:\/\/www.remsa.com\/es\/wp-json\/wp\/v2\/pages\/42\/revisions\/1417"}],"up":[{"embeddable":true,"href":"https:\/\/www.remsa.com\/es\/wp-json\/wp\/v2\/pages\/30"}],"wp:attachment":[{"href":"https:\/\/www.remsa.com\/es\/wp-json\/wp\/v2\/media?parent=42"}],"curies":[{"name":"wp","href":"https:\/\/api.w.org\/{rel}","templated":true}]}}