{"id":38,"date":"2013-04-08T11:32:32","date_gmt":"2013-04-08T11:32:32","guid":{"rendered":"http:\/\/www.remsa.com\/es\/?page_id=38"},"modified":"2018-05-19T22:10:41","modified_gmt":"2018-05-19T22:10:41","slug":"superprecision-kit","status":"publish","type":"page","link":"https:\/\/www.remsa.com\/es\/productos\/superprecision-kit\/","title":{"rendered":"Super\/Precision Kit"},"content":{"rendered":"<div class=\"tab-pane\">\n<p><a href=\"http:\/\/www.remsa.com\/es\/wp-content\/uploads\/imagesfull\/ap-tecnico.jpg\" rel=\"prettyPhoto\"><img loading=\"lazy\" decoding=\"async\" class=\"alignleft  wp-image-1581\" src=\"http:\/\/www.remsa.com\/es\/wp-content\/uploads\/2018\/05\/CajaCont-RM.jpg\" alt=\"\" width=\"381\" height=\"286\" srcset=\"https:\/\/www.remsa.com\/es\/wp-content\/uploads\/2018\/05\/CajaCont-RM.jpg 3265w, https:\/\/www.remsa.com\/es\/wp-content\/uploads\/2018\/05\/CajaCont-RM-300x225.jpg 300w, https:\/\/www.remsa.com\/es\/wp-content\/uploads\/2018\/05\/CajaCont-RM-768x576.jpg 768w, https:\/\/www.remsa.com\/es\/wp-content\/uploads\/2018\/05\/CajaCont-RM-1024x768.jpg 1024w, https:\/\/www.remsa.com\/es\/wp-content\/uploads\/2018\/05\/CajaCont-RM-624x468.jpg 624w\" sizes=\"auto, (max-width: 381px) 100vw, 381px\" \/><\/a>Tanto el dise\u00f1o innovador como la calidad del packaging muestran un producto atractivo que se distingue de los dem\u00e1s fabricantes. Sus reducidas dimensiones favorecen el almacenamiento.<\/p>\n<p>El conjunto de reparaci\u00f3n Super Precision Kit de Remsa garantiza una <b>frenada m\u00e1s eficaz<\/b> al sustituir todos los componentes din\u00e1micos del eje trasero que act\u00faan en la misma. Remsa verifica el correcto funcionamiento del conjunto Super Precision Kit con su exclusiva t\u00e9cnica de control de calidad: <b>Spring Test.<\/b><\/p>\n<p>Rentabiliza el tiempo empleado en el montaje en un 48%. <b>Evita errores de montaje<\/b>. Nuevo Cat\u00e1logo Super\/Precisi\u00f3n Kit es la herramienta completa que necesita para elegir correctamente las referencias seg\u00fan la aplicaci\u00f3n del veh\u00edculo solicitado.<br \/>\nSuper Precision Kit evita la reutilizaci\u00f3n de piezas usadas.<\/p>\n<\/div>\n<div class=\"clear\"><\/div>\n","protected":false},"excerpt":{"rendered":"<p>Tanto el dise\u00f1o innovador como la calidad del packaging muestran un producto atractivo que se distingue de los dem\u00e1s fabricantes. Sus reducidas dimensiones favorecen el almacenamiento. El conjunto de reparaci\u00f3n Super Precision Kit de Remsa garantiza una frenada m\u00e1s eficaz al sustituir todos los componentes din\u00e1micos del eje trasero que act\u00faan en la misma. Remsa [&hellip;]<\/p>\n","protected":false},"author":1,"featured_media":0,"parent":30,"menu_order":0,"comment_status":"open","ping_status":"closed","template":"page-productos.php","meta":{"footnotes":""},"class_list":["post-38","page","type-page","status-publish","hentry"],"_links":{"self":[{"href":"https:\/\/www.remsa.com\/es\/wp-json\/wp\/v2\/pages\/38","targetHints":{"allow":["GET"]}}],"collection":[{"href":"https:\/\/www.remsa.com\/es\/wp-json\/wp\/v2\/pages"}],"about":[{"href":"https:\/\/www.remsa.com\/es\/wp-json\/wp\/v2\/types\/page"}],"author":[{"embeddable":true,"href":"https:\/\/www.remsa.com\/es\/wp-json\/wp\/v2\/users\/1"}],"replies":[{"embeddable":true,"href":"https:\/\/www.remsa.com\/es\/wp-json\/wp\/v2\/comments?post=38"}],"version-history":[{"count":31,"href":"https:\/\/www.remsa.com\/es\/wp-json\/wp\/v2\/pages\/38\/revisions"}],"predecessor-version":[{"id":1586,"href":"https:\/\/www.remsa.com\/es\/wp-json\/wp\/v2\/pages\/38\/revisions\/1586"}],"up":[{"embeddable":true,"href":"https:\/\/www.remsa.com\/es\/wp-json\/wp\/v2\/pages\/30"}],"wp:attachment":[{"href":"https:\/\/www.remsa.com\/es\/wp-json\/wp\/v2\/media?parent=38"}],"curies":[{"name":"wp","href":"https:\/\/api.w.org\/{rel}","templated":true}]}}