{"id":36,"date":"2013-04-08T11:32:16","date_gmt":"2013-04-08T11:32:16","guid":{"rendered":"http:\/\/www.remsa.com\/es\/?page_id=36"},"modified":"2025-05-30T17:10:00","modified_gmt":"2025-05-30T17:10:00","slug":"zapatas","status":"publish","type":"page","link":"https:\/\/www.remsa.com\/es\/productos\/zapatas\/","title":{"rendered":"Zapatas"},"content":{"rendered":"<p>Con una gama superior a las 700 referencias, Remsa est\u00e1 preparado para satisfacer la demanda de zapatas de freno para veh\u00edculos europeos, americanos y asi\u00e1ticos.<\/p>\n<ul id=\"tabs\" class=\"nav nav-tabs\" data-tabs=\"tabs\">\n<li class=\"tabs \"><a data-toggle=\"tab\" href=\"#\"><\/a><\/li>\n<\/ul>\n<div id=\"my-tab-content\" class=\"tab-content\">\n<div id=\"\" class=\"tab-pane \">\n<\/div>\n<\/div>\n","protected":false},"excerpt":{"rendered":"<p>Con una gama superior a las 700 referencias, Remsa est\u00e1 preparado para satisfacer la demanda de zapatas de freno para veh\u00edculos europeos, americanos y asi\u00e1ticos.<\/p>\n","protected":false},"author":1,"featured_media":0,"parent":30,"menu_order":0,"comment_status":"open","ping_status":"closed","template":"page-productos.php","meta":{"footnotes":""},"class_list":["post-36","page","type-page","status-publish","hentry"],"_links":{"self":[{"href":"https:\/\/www.remsa.com\/es\/wp-json\/wp\/v2\/pages\/36","targetHints":{"allow":["GET"]}}],"collection":[{"href":"https:\/\/www.remsa.com\/es\/wp-json\/wp\/v2\/pages"}],"about":[{"href":"https:\/\/www.remsa.com\/es\/wp-json\/wp\/v2\/types\/page"}],"author":[{"embeddable":true,"href":"https:\/\/www.remsa.com\/es\/wp-json\/wp\/v2\/users\/1"}],"replies":[{"embeddable":true,"href":"https:\/\/www.remsa.com\/es\/wp-json\/wp\/v2\/comments?post=36"}],"version-history":[{"count":86,"href":"https:\/\/www.remsa.com\/es\/wp-json\/wp\/v2\/pages\/36\/revisions"}],"predecessor-version":[{"id":1654,"href":"https:\/\/www.remsa.com\/es\/wp-json\/wp\/v2\/pages\/36\/revisions\/1654"}],"up":[{"embeddable":true,"href":"https:\/\/www.remsa.com\/es\/wp-json\/wp\/v2\/pages\/30"}],"wp:attachment":[{"href":"https:\/\/www.remsa.com\/es\/wp-json\/wp\/v2\/media?parent=36"}],"curies":[{"name":"wp","href":"https:\/\/api.w.org\/{rel}","templated":true}]}}