{"id":35,"date":"2013-04-08T11:31:51","date_gmt":"2013-04-08T11:31:51","guid":{"rendered":"http:\/\/www.remsa.com\/es\/?page_id=35"},"modified":"2025-05-30T17:07:19","modified_gmt":"2025-05-30T17:07:19","slug":"discos-y-tambores","status":"publish","type":"page","link":"https:\/\/www.remsa.com\/es\/productos\/discos-y-tambores\/","title":{"rendered":"Discos y tambores"},"content":{"rendered":"<p><a href=\"http:\/\/www.remsa.com\/es\/wp-content\/uploads\/2013\/04\/tuv.jpg\" rel=\"Prettyphoto\"><img loading=\"lazy\" decoding=\"async\" class=\"wp-image-1239 alignright\" style=\"margin: 15px 0px 15px 15px;\" src=\"http:\/\/www.remsa.com\/es\/wp-content\/uploads\/2013\/04\/tuv.jpg\" alt=\"\" width=\"180\" height=\"100\" \/><\/a>Tras 35 a\u00f1os de experiencia, y un constante desarrollo industrial y de producto que nos han llevado al liderazgo del aftermarket europeo, REMSA se asocia tecnol\u00f3gicamente con el mayor fabricante de discos asi\u00e1tico para el mercado de recambio y le ofrece un programa de discos a la altura de nuestra posici\u00f3n y de las exigencias del mercado y los conductores europeos. Tras cinco a\u00f1os de desarrollo y evoluci\u00f3n conjunta les brindamos una gama de discos completa (99% del parque europeo), que ha superado no s\u00f3lo nuestras propias especificaciones sino las del KBA (Ministerio de Transportes Alem\u00e1n) en el TUV de Alemania:<\/p>\n<p style=\"margin-left: 35px;\">ABE 61209 homologaci\u00f3n para discos ventilados<br \/>\nABE 61210 homologaci\u00f3n para discos macizos.<\/p>\n<ul id=\"tabs\" class=\"nav nav-tabs\" data-tabs=\"tabs\">\n<li class=\"tabs \"><a data-toggle=\"tab\" href=\"#\"><\/a><\/li>\n<li class=\"tabs \"><a data-toggle=\"tab\" href=\"#tab2-slug\">I+D+i<\/a><\/li>\n<li class=\"tabs \"><a data-toggle=\"tab\" href=\"#tab3-slug\">Planitud y paralelismo<\/a><\/li>\n<li class=\"tabs \"><a data-toggle=\"tab\" href=\"#tab4-slug\">Capacidad industrial<\/a><\/li>\n<\/ul>\n<div id=\"my-tab-content\" class=\"tab-content\">\n<div id=\"\" class=\"tab-pane \">\n<\/div>\n<div id=\"tab2-slug\" class=\"tab-pane \">\n<p><h3>I+D+I<\/h3>\n<p><a href=\"http:\/\/www.remsa.com\/es\/wp-content\/uploads\/imagesfull\/idi.jpg\" rel=\"prettyPhoto\"> <img loading=\"lazy\" decoding=\"async\" class=\"alignleft\" style=\"margin: 0px 15px 15px 0px;\" src=\"http:\/\/www.remsa.com\/es\/wp-content\/uploads\/2013\/04\/idi.jpg\" alt=\"\" width=\"270\" height=\"230\" \/><\/a>Nuestro departamento de I+D controla cada serie de fabricaci\u00f3n de los discos con un registro de la colada de fundici\u00f3n y la somete a los an\u00e1lisis metalogr\u00e1ficos necesarios. Tambi\u00e9n se efect\u00faa el crack test de cada lote de producci\u00f3n en el que se someten a severos ciclos de frenada hasta la aparici\u00f3n de grietas en la superficie. Los AK masters efectuados a las pastillas en nuestro centro de bancos dinamom\u00e9tricos m\u00e1s los tests de flota suponen una cifra de m\u00e1s de 25.000 horas de trabajo y 2 millones de kil\u00f3metros, que junto con los tests de flota en carretera, los de circuito de pruebas y los de descenso alpino avalan la calidad de nuestras pastillas y nuestros discos.<\/p>\n<\/div>\n<div id=\"tab3-slug\" class=\"tab-pane \">\n<p><h3>Planitud y paralelismo<\/h3>\n<p><a href=\"http:\/\/www.remsa.com\/es\/wp-content\/uploads\/imagesfull\/paralelismo.jpg\" rel=\"prettyPhoto\"><img loading=\"lazy\" decoding=\"async\" class=\"alignleft\" style=\"margin: 0px 15px 15px 0px;\" src=\"http:\/\/www.remsa.com\/es\/wp-content\/uploads\/2013\/04\/paralelismo.jpg\" alt=\"\" width=\"270\" height=\"230\" \/><\/a>La planitud y el paralelismo son primordiales para el correcto funcionamiento de los discos Remsa. En nuestro caso especificamos las tolerancias y m\u00e1rgenes dimensionales al m\u00ednimo y los comparamos con los de la competencia, arrojando valores claramente favorables, tanto en DTV (variaci\u00f3n de espesor del disco), como en el alabeo, resultando un producto final libre de vibraciones molestas en la conducci\u00f3n o del efecto \u201djudder\u201c.<\/p>\n<\/div>\n<div id=\"tab4-slug\" class=\"tab-pane \">\n<p><h3>Capacidad industrial<\/h3>\n<p><a href=\"http:\/\/www.remsa.com\/es\/wp-content\/uploads\/imagesfull\/capacidad.jpg\" rel=\"prettyPhoto\"><img loading=\"lazy\" decoding=\"async\" class=\"alignleft\" style=\"margin: 0px 15px 15px 0px;\" src=\"http:\/\/www.remsa.com\/es\/wp-content\/uploads\/2013\/04\/capacidad.jpg\" alt=\"\" width=\"346\" height=\"270\" \/><\/a>Fabricar m\u00e1s de 20 millones de juegos de pastillas requiere de una organizaci\u00f3n industrial muy importante, impregnada de una cultura de la calidad y de una motivaci\u00f3n por el desarrollo que nos ha llevado a asociarnos con un partner industrial de similares caracter\u00edsticas, capaz de fabricar 20 millones de discos al a\u00f1o y de ofrecer la tecnolog\u00eda necesaria para cumplir las exigencias que el mercado europeo demanda.<\/p>\n<\/div>\n<\/div>\n","protected":false},"excerpt":{"rendered":"<p>Tras 35 a\u00f1os de experiencia, y un constante desarrollo industrial y de producto que nos han llevado al liderazgo del aftermarket europeo, REMSA se asocia tecnol\u00f3gicamente con el mayor fabricante de discos asi\u00e1tico para el mercado de recambio y le ofrece un programa de discos a la altura de nuestra posici\u00f3n y de las exigencias [&hellip;]<\/p>\n","protected":false},"author":1,"featured_media":0,"parent":30,"menu_order":0,"comment_status":"open","ping_status":"closed","template":"page-productos.php","meta":{"footnotes":""},"class_list":["post-35","page","type-page","status-publish","hentry"],"_links":{"self":[{"href":"https:\/\/www.remsa.com\/es\/wp-json\/wp\/v2\/pages\/35","targetHints":{"allow":["GET"]}}],"collection":[{"href":"https:\/\/www.remsa.com\/es\/wp-json\/wp\/v2\/pages"}],"about":[{"href":"https:\/\/www.remsa.com\/es\/wp-json\/wp\/v2\/types\/page"}],"author":[{"embeddable":true,"href":"https:\/\/www.remsa.com\/es\/wp-json\/wp\/v2\/users\/1"}],"replies":[{"embeddable":true,"href":"https:\/\/www.remsa.com\/es\/wp-json\/wp\/v2\/comments?post=35"}],"version-history":[{"count":96,"href":"https:\/\/www.remsa.com\/es\/wp-json\/wp\/v2\/pages\/35\/revisions"}],"predecessor-version":[{"id":1651,"href":"https:\/\/www.remsa.com\/es\/wp-json\/wp\/v2\/pages\/35\/revisions\/1651"}],"up":[{"embeddable":true,"href":"https:\/\/www.remsa.com\/es\/wp-json\/wp\/v2\/pages\/30"}],"wp:attachment":[{"href":"https:\/\/www.remsa.com\/es\/wp-json\/wp\/v2\/media?parent=35"}],"curies":[{"name":"wp","href":"https:\/\/api.w.org\/{rel}","templated":true}]}}