{"id":33,"date":"2013-04-08T11:31:32","date_gmt":"2013-04-08T11:31:32","guid":{"rendered":"http:\/\/www.remsa.com\/es\/?page_id=33"},"modified":"2025-05-31T09:22:30","modified_gmt":"2025-05-31T09:22:30","slug":"pastillas-de-freno","status":"publish","type":"page","link":"https:\/\/www.remsa.com\/es\/productos\/pastillas-de-freno\/","title":{"rendered":"Pastillas\/Pinzas"},"content":{"rendered":"<p>Con una producci\u00f3n de m\u00e1s de 20 millones de juegos, Remsa ofrece a sus clientes no s\u00f3lo todo el &#8220;Know-how&#8221; de uno de los m\u00e1s importantes fabricantes de materiales de fricci\u00f3n, sino tambi\u00e9n la gama de productos m\u00e1s completa disponible en la industria del frenado. Esta amplia gama de productos cubre los usos y aplicaciones europeas, americanas, japonesas, coreanas y australianas con m\u00e1s de 2.000 referencias con diferentes niveles de acabado.<\/p>\n<ul id=\"tabs\" class=\"nav nav-tabs\" data-tabs=\"tabs\"><li class=\"tabs \"><a data-toggle=\"tab\" href=\"#\"><\/a><\/li><li class=\"tabs \"><a data-toggle=\"tab\" href=\"#tab2-slug\">Prestaciones<\/a><\/li><li class=\"tabs \"><a data-toggle=\"tab\" href=\"#tab3-slug\">ADT (Test de descenso alpino)<\/a><\/li><li class=\"tabs \"><a data-toggle=\"tab\" href=\"#tab4-slug\">Soporte industrial<\/a><\/li><li class=\"tabs \"><a data-toggle=\"tab\" href=\"#tab5-slug\">Avisadores de desgaste<\/a><\/li><li class=\"tabs \"><a data-toggle=\"tab\" href=\"#tab6-slug\">Pinzas de freno<\/a><\/li><\/ul><div id=\"my-tab-content\" class=\"tab-content\"><div id=\"\" class=\"tab-pane \"><p><\/p><\/div><div id=\"tab2-slug\" class=\"tab-pane \"><p><\/p>\n<h3>Prestaciones<\/h3>\n<p><a href=\"http:\/\/www.remsa.com\/es\/wp-content\/uploads\/imagesfull\/prestaciones.jpg\" rel=\"prettyPhoto\"><img decoding=\"async\" class=\"alignleft\" style=\"margin: 0px 15px 15px 0px;\" src=\"http:\/\/www.remsa.com\/es\/wp-content\/uploads\/2013\/04\/prestaciones.jpg\" alt=\"\" \/><\/a><\/p>\n<p>Nuestro departamento de I+D trabaja en todo momento probando nuevos prototipos de materiales de fricci\u00f3n as\u00ed como <strong>testando la uniformidad de su calidad en la producci\u00f3n.<\/strong><\/p>\n<p>Los test en carretera junto con la prueba de toda la gama completa del AK-Master en el banco de pruebas del dinam\u00f3metro, eval\u00faan la calidad de los pastillas de freno Remsa, que buscan el mejor funcionamiento y que van m\u00e1s all\u00e1 de los resultados de equipo original en algunos de los veh\u00edculos europeos m\u00e1s populares.<\/p><\/div><div id=\"tab3-slug\" class=\"tab-pane \"><p><\/p>\n<h3>ADT (Test de descenso alpino)<\/h3>\n<p><a href=\"http:\/\/www.remsa.com\/es\/wp-content\/uploads\/imagesfull\/adt.jpg\" rel=\"prettyPhoto\"><img loading=\"lazy\" decoding=\"async\" class=\"img2 alignleft\" style=\"margin: 0px 15px 15px 0px;\" src=\"http:\/\/www.remsa.com\/es\/wp-content\/uploads\/2013\/04\/adt.jpg\" alt=\"\" width=\"346\" height=\"270\" \/><\/a>Los test de descenso alpino son una parte fundamental en el proceso de desarrollo e investigaci\u00f3n de nuevos materiales de fricci\u00f3n. Llevados a cabo por expertos pilotos en los ALPES Austr\u00edacos, concretamente el pico que se desciende es el Edelwisspitze (2.571 m). Se trata de una de las carreteras m\u00e1s altas de Europa con curvas sinuosas y una pendiente media que supera el 12%, llegando en alguna de sus rampas a tener un desnivel de 18%. Al mismo tiempo que se prueban nuevos materiales, numerosas piezas procedentes de nuestros almacenes son probadas en las mismas condiciones siguiendo el protocolo COP (conformity of production verification).<\/p>\n<p><strong>Test de descenso lento:<\/strong><\/p>\n<ul>\n<li>Velocidad media 40 Km\/h (m\u00e1xima velocidad 80 km\/h).<\/li>\n<li>Longitud.: 16 Km.<\/li>\n<li>Tiempo: 23 min.<\/li>\n<li>Temperatura final: 600\u00baC.<\/li>\n<\/ul>\n<p><strong>Test de descenso r\u00e1pido:<\/strong><\/p>\n<ul>\n<li>Velocidad media 60km\/h (m\u00e1xima velocidad mas de 120 Km\/h).<\/li>\n<li>Longitud.: 16 Km,<\/li>\n<li>Tiempo: 15\u2019 36\u2019\u2019.<\/li>\n<li>Temperatura final: 800\u00baC.<\/li>\n<\/ul>\n<p><\/p><\/div><div id=\"tab4-slug\" class=\"tab-pane \"><p><\/p>\n<h3>Soporte industrial<\/h3>\n<p><a href=\"http:\/\/www.remsa.com\/es\/wp-content\/uploads\/imagesfull\/soporte.jpg\" rel=\"prettyPhoto\"><img loading=\"lazy\" decoding=\"async\" class=\"alignleft\" style=\"margin: 0px 15px 15px 0px;\" src=\"http:\/\/www.remsa.com\/es\/wp-content\/uploads\/2013\/04\/soporte.jpg\" alt=\"\" width=\"346\" height=\"270\" \/><\/a>Remsa es hoy en d\u00eda considerada el <strong>mayor fabricante europeo<\/strong> de materiales de fricci\u00f3n del mercado independiente. Remsa incorpora la m\u00e1s avanzada tecnolog\u00eda en los procesos de producci\u00f3n para conseguir un producto final de primera calidad.<br \/><\/p><\/div><div id=\"tab5-slug\" class=\"tab-pane \"><p><\/p>\n<h3>Avisadores de desgaste<\/h3>\n<p><a href=\"http:\/\/www.remsa.com\/es\/wp-content\/uploads\/imagesfull\/IMG_0524.jpg\" rel=\"prettyPhoto\"><img loading=\"lazy\" decoding=\"async\" class=\"alignleft\" style=\"margin: 0px 15px 15px 0px;\" src=\"http:\/\/www.remsa.com\/es\/wp-content\/uploads\/2013\/04\/IMG_0524.jpg\" alt=\"\" width=\"346\" height=\"270\" \/><\/a>Remsa cuenta con una gama completa de Avisadores de desgaste, que complementan nuestra gama de pastillas.<br \/>Los Avisadores de desgaste Remsa est\u00e1n fabricados bajo los <strong>par\u00e1metros de calidad m\u00e1s exigentes<\/strong>, lo que les confiere una notable resistencia tanto a las altas temperaturas de las pinzas de freno; como a la humedad y corrosi\u00f3n, permaneciendo inalterable su estructura para, llegado el fin de la vida \u00fatil de las pastillas realicen su funci\u00f3n aportando un plus de seguridad al sistema de frenos.<\/p>\n<p><\/p><\/div><div id=\"tab6-slug\" class=\"tab-pane \"><p><\/p>\n<h3>Pinzas de freno<\/h3>\n<p><img loading=\"lazy\" decoding=\"async\" class=\"alignleft size-full wp-image-1657\" src=\"https:\/\/www.remsa.com\/es\/wp-content\/uploads\/2025\/05\/calipers.jpg\" alt=\"\" width=\"1000\" height=\"716\" srcset=\"https:\/\/www.remsa.com\/es\/wp-content\/uploads\/2025\/05\/calipers.jpg 1000w, https:\/\/www.remsa.com\/es\/wp-content\/uploads\/2025\/05\/calipers-300x215.jpg 300w, https:\/\/www.remsa.com\/es\/wp-content\/uploads\/2025\/05\/calipers-768x550.jpg 768w, https:\/\/www.remsa.com\/es\/wp-content\/uploads\/2025\/05\/calipers-624x447.jpg 624w\" sizes=\"auto, (max-width: 1000px) 100vw, 1000px\" \/><\/p>\n<p><strong>Damos la bienvenida a las pinzas de freno remanufacturadas<\/strong><\/p>\n<p>Con m\u00e1s de 50 a\u00f1os de experiencia como uno de los principales fabricantes europeos del sector de la fricci\u00f3n, seguimos evolucionando para ofrecer soluciones de frenado m\u00e1s completas y adaptadas a las necesidades del mercado.<\/p>\n<p>\u00a0<\/p>\n<p><strong>Remanufacturadas en Europa con los m\u00e1s altos est\u00e1ndares de calidad<\/strong><\/p>\n<p>Este nuevo producto se elabora en una planta especializada en Europa, mediante un proceso exhaustivo que incluye limpieza, aplicaci\u00f3n de tratamiento anticorrosi\u00f3n, reconstrucci\u00f3n con componentes nuevos y pruebas de presi\u00f3n para garantizar un rendimiento fiable y duradero.<\/p>\n<p><strong>Una decisi\u00f3n responsable con el medio ambiente<\/strong><\/p>\n<p>Remanufacturar pinzas de freno es una alternativa eficiente que prolonga la vida \u00fatil de las piezas, reduce el uso de materias primas v\u00edrgenes y contribuye a minimizar el impacto ambiental..<\/p>\n<p><strong>Un cat\u00e1logo m\u00e1s completo para un servicio global<\/strong><\/p>\n<p>La incorporaci\u00f3n de pinzas remanufacturadas refuerza nuestro compromiso con una oferta m\u00e1s global, capaz de responder a un mercado cada vez m\u00e1s exigente. Productos de alto rendimiento y calidad contrastada, listos para acompa\u00f1arte en cada reparaci\u00f3n.<\/p>\n<p><span style=\"font-size: inherit;\"><\/p><\/div><\/div><\/span><\/p>\n\n","protected":false},"excerpt":{"rendered":"<p>Una completa estrategia de fabricaci\u00f3n hace posible esta gama gracias a la propia disponibilidad en la producci\u00f3n de componentes relacionados tanto en soportes de pastillas de freno como en accesorios.<\/p>\n","protected":false},"author":1,"featured_media":0,"parent":30,"menu_order":0,"comment_status":"open","ping_status":"closed","template":"page-productos.php","meta":{"footnotes":""},"class_list":["post-33","page","type-page","status-publish","hentry"],"_links":{"self":[{"href":"https:\/\/www.remsa.com\/es\/wp-json\/wp\/v2\/pages\/33","targetHints":{"allow":["GET"]}}],"collection":[{"href":"https:\/\/www.remsa.com\/es\/wp-json\/wp\/v2\/pages"}],"about":[{"href":"https:\/\/www.remsa.com\/es\/wp-json\/wp\/v2\/types\/page"}],"author":[{"embeddable":true,"href":"https:\/\/www.remsa.com\/es\/wp-json\/wp\/v2\/users\/1"}],"replies":[{"embeddable":true,"href":"https:\/\/www.remsa.com\/es\/wp-json\/wp\/v2\/comments?post=33"}],"version-history":[{"count":145,"href":"https:\/\/www.remsa.com\/es\/wp-json\/wp\/v2\/pages\/33\/revisions"}],"predecessor-version":[{"id":1688,"href":"https:\/\/www.remsa.com\/es\/wp-json\/wp\/v2\/pages\/33\/revisions\/1688"}],"up":[{"embeddable":true,"href":"https:\/\/www.remsa.com\/es\/wp-json\/wp\/v2\/pages\/30"}],"wp:attachment":[{"href":"https:\/\/www.remsa.com\/es\/wp-json\/wp\/v2\/media?parent=33"}],"curies":[{"name":"wp","href":"https:\/\/api.w.org\/{rel}","templated":true}]}}