{"id":12,"date":"2013-04-04T12:47:01","date_gmt":"2013-04-04T12:47:01","guid":{"rendered":"http:\/\/www.remsa.com\/es\/?page_id=12"},"modified":"2024-11-28T11:03:32","modified_gmt":"2024-11-28T11:03:32","slug":"empresa","status":"publish","type":"page","link":"https:\/\/www.remsa.com\/es\/empresa\/","title":{"rendered":"Empresa"},"content":{"rendered":"<p><strong><span style=\"font-size: 20px; color: #000;\">CONFIRMACI\u00d3N DE LA CALIDAD DE LAS PIEZAS<\/span><\/strong><br \/>\n<img loading=\"lazy\" decoding=\"async\" class=\"alignleft  wp-image-1616\" src=\"https:\/\/www.remsa.com\/es\/wp-content\/uploads\/2024\/11\/certificacion.jpg\" alt=\"\" width=\"282\" height=\"211\" srcset=\"https:\/\/www.remsa.com\/es\/wp-content\/uploads\/2024\/11\/certificacion.jpg 555w, https:\/\/www.remsa.com\/es\/wp-content\/uploads\/2024\/11\/certificacion-300x225.jpg 300w\" sizes=\"auto, (max-width: 282px) 100vw, 282px\" \/><\/p>\n<hr \/>\n<p>En referencia a las directrices complementarias 2010\/C138\/05 del Reglamento (UE) n\u00ba 461\/2010 de la Comisi\u00f3n, de 27 de mayo de 2010, se confirma que todas las pastillas de freno y discos de freno distribuidos por Eurofren Systems S.L.U., bajo la marca REMSA, son piezas originales y cumplen los criterios de las clausulas n\u00ba 19 y\/o n\u00aa20 de las directrices complementarias.<\/p>\n<p>Atentamente,<br \/>\nEurofren Systems S.L.U.<\/p>\n<hr \/>\n<p><strong><span style=\"font-size: 20px; color: #000;\">CULTURA DE CALIDAD \/ MEDIO AMBIENTE\u00a0<a href=\"http:\/\/www.remsa.com\/pol\u00edtica de medio ambiente.pdf\" target=\"_blank\" rel=\"noopener\"> Ver m\u00e1s&#8230;<\/a><\/span><\/strong><\/p>\n<p><img decoding=\"async\" class=\"img3 alignleft\" style=\"margin: 15px 15px 15px 0px;\" src=\"http:\/\/www.remsa.com\/es\/wp-content\/uploads\/2013\/04\/quality-analytics-1.jpg\" alt=\"\" \/><\/p>\n<hr \/>\n<p>Dirigimos nuestros esfuerzos para implantar una cultura de calidad basada en tres estrategias: &#8220;prevenir mejor que corregir&#8221;, &#8220;la mejora continua&#8221; y la &#8220;sostenibilidad&#8221;, que se sustenta en cuatro pilares:<br \/>\n1. Un equipo profesional y competente.<br \/>\n2. La mejora continua en el producto.<br \/>\n3. La mejora del proceso productivo.<br \/>\n4. La mejorar de la satisfacci\u00f3n del cliente.<\/p>\n<hr \/>\n<p><strong><span style=\"font-size: 20px; color: #000;\">FILOSOF\u00cdA<\/span><\/strong><\/p>\n<p>Las claves de nuestra actual posici\u00f3n en el Mercado del aftermarket mundial son:<a href=\"http:\/\/www.remsa.com\/es\/wp-content\/uploads\/imagesfull\/empresa.jpg\" rel=\"prettyPhoto\"><img loading=\"lazy\" decoding=\"async\" class=\"img2 alignright\" style=\"margin: 0px 0px 15px 15px;\" src=\"http:\/\/www.remsa.com\/es\/wp-content\/uploads\/2013\/04\/empresa.jpg\" width=\"242\" height=\"162\" \/><\/a><\/p>\n<ul>\n<li>Tecnolog\u00eda de vanguardia en nuestros procesos de producci\u00f3n ofreciendo un producto de primera calidad al mercado de recambios nunca conocido entre otros fabricantes. Fabricamos m\u00e1s de 20 millones de juegos al a\u00f1o en nuestras 10 plantas, lo que nos confiere un bagaje y un profundo conocimiento del mercado mundial.<\/li>\n<li>Contamos con la m\u00e1s amplia gama de frenos del mercado, disponible en nuestros almacenes autom\u00e1ticos y listos para ser entregados en cualquier lugar del mundo.<\/li>\n<li>Personalidad 100% Aftermarket. Lo que podr\u00eda parecer un handicap para algunos, para Remsa es una de sus principales ventajas. Concentramos todos nuestros esfuerzos en tecnolog\u00eda, producci\u00f3n y log\u00edstica en ofrecer a nuestros clientes todo lo que realmente necesitan de un proveedor de frenos.<\/li>\n<li>Integraci\u00f3n vertical completa lo que nos permite ser los primeros en el desarrollo de nuevas referencias.<\/li>\n<li>Marketing. En Remsa posicionamos nuestros productos en el nivel que se merecen y nos centramos en ofrecer a nuestros clientes todo el apoyo y la informaci\u00f3n que necesiten como: cat\u00e1logos, merchandising y presencia en exposiciones en todo el mundo.<\/li>\n<\/ul>\n<p><strong><span style=\"font-size: 20px; color: #000;\">I+D+I<\/span><\/strong><\/p>\n<div>\n<div id=\"btn-play-content\"><a title=\"I+D+I\" href=\"http:\/\/www.youtube.com\/watch?v=ijZBSiEwqBA\" rel=\"prettyPhoto\"><img decoding=\"async\" src=\"http:\/\/www.remsa.com\/es\/wp-content\/themes\/Remsa\/img\/icon-play-empresa.png\" alt=\"\" \/><\/a><\/div>\n<p><img loading=\"lazy\" decoding=\"async\" class=\"img2 alignleft\" style=\"margin: 15px 15px 15px 0px;\" src=\"http:\/\/www.remsa.com\/es\/wp-content\/uploads\/2013\/04\/idiem.jpg\" alt=\"\" width=\"242\" height=\"162\" \/><\/p>\n<\/div>\n<p>Nuestra filosof\u00eda se basa en la continua investigaci\u00f3n, desarrollo y prueba de nuevos materiales de fricci\u00f3n, en un intento de satisfacer las exigencias del mercado con respecto a rendimiento, comodidad, seguridad y duraci\u00f3n. Nuestro equipo de I+D+i trabaja con el objetivo de conseguir ofrecer siempre a nuestros clientes un producto soportado por un importante proceso tecnol\u00f3gico de investigaci\u00f3n y producci\u00f3n. Realizamos continuos an\u00e1lisis y evaluaciones de compuestos alternativos. Basado en el compromiso de nuestra empresa con la investigaci\u00f3n avanzada dentro de la industria de la fricci\u00f3n. Nuestra estrategia a largo plazo, en lo que respecta a los nuevos materiales de fricci\u00f3n, no est\u00e1 relacionada con los costes, sino con la voluntad de ofrecer los mejores productos disponibles junto a la m\u00e1s avanzada tecnolog\u00eda. Antes de realizar los ensayos de conducci\u00f3n en ciudad y carretera, se realizan pruebas y se eval\u00faan los nuevos materiales de fricci\u00f3n mediante completas pruebas din\u00e1micas. Las m\u00e1quinas Dyno cuentan con el software de emulaci\u00f3n m\u00e1s avanzado, permitiendo obtener resultados sumamente representativos seg\u00fan el funcionamiento del producto. El equipo REMSA de I+D+i se estructura en cuatro \u00e1reas independientes para hacer frente adecuadamente a las crecientes necesidades del mercado independiente de hoy en d\u00eda, as\u00ed como con los requisitos de alta calidad de los clientes de OE \/ OES.<\/p>\n<p><strong><span style=\"font-size: 20px; color: #000;\">MEDIO AMBIENTE<\/span><\/strong><\/p>\n<p><a href=\"http:\/\/www.remsa.com\/es\/wp-content\/uploads\/2013\/04\/7.jpg\" rel=\"prettyPhoto\"><img loading=\"lazy\" decoding=\"async\" class=\"tab-content img alignright\" style=\"margin: 0px 0px 15px 15px;\" src=\"http:\/\/www.remsa.com\/es\/wp-content\/uploads\/2013\/04\/7.jpg\" width=\"285\" height=\"141\" \/><\/a>Las pastillas de freno REMSA son \u00fanicas desde el punto de vista del medio ambiente, ya que est\u00e1n libres de metales pesados, tales como, entre otros, el plomo, el cobre y el antimonio. Estos metales tienen efectos devastadores no s\u00f3lo en el medio ambiente, sino tambi\u00e9n en la salud de los seres humanos. Obviamente, el manejo, uso o eliminaci\u00f3n de productos que contienen estos metales pesados est\u00e1 sujeta a\u00fan hoy en d\u00eda a estrictas normas legales que imponen los controles peri\u00f3dicos que se aplican a las personas expuestas o trata de productos que contienen metales pesados. Con este enfoque, tanto para la salud como el medio ambiente, REMSA se anticip\u00f3 a la legislaci\u00f3n que prohibi\u00f3 el uso de plomo en 2003.<\/p>\n","protected":false},"excerpt":{"rendered":"<p>CONFIRMACI\u00d3N DE LA CALIDAD DE LAS PIEZAS En referencia a las directrices complementarias 2010\/C138\/05 del Reglamento (UE) n\u00ba 461\/2010 de la Comisi\u00f3n, de 27 de mayo de 2010, se confirma que todas las pastillas de freno y discos de freno distribuidos por Eurofren Systems S.L.U., bajo la marca REMSA, son piezas originales y cumplen los [&hellip;]<\/p>\n","protected":false},"author":1,"featured_media":0,"parent":0,"menu_order":0,"comment_status":"open","ping_status":"open","template":"page-defecto.php","meta":{"footnotes":""},"class_list":["post-12","page","type-page","status-publish","hentry"],"_links":{"self":[{"href":"https:\/\/www.remsa.com\/es\/wp-json\/wp\/v2\/pages\/12","targetHints":{"allow":["GET"]}}],"collection":[{"href":"https:\/\/www.remsa.com\/es\/wp-json\/wp\/v2\/pages"}],"about":[{"href":"https:\/\/www.remsa.com\/es\/wp-json\/wp\/v2\/types\/page"}],"author":[{"embeddable":true,"href":"https:\/\/www.remsa.com\/es\/wp-json\/wp\/v2\/users\/1"}],"replies":[{"embeddable":true,"href":"https:\/\/www.remsa.com\/es\/wp-json\/wp\/v2\/comments?post=12"}],"version-history":[{"count":184,"href":"https:\/\/www.remsa.com\/es\/wp-json\/wp\/v2\/pages\/12\/revisions"}],"predecessor-version":[{"id":1636,"href":"https:\/\/www.remsa.com\/es\/wp-json\/wp\/v2\/pages\/12\/revisions\/1636"}],"wp:attachment":[{"href":"https:\/\/www.remsa.com\/es\/wp-json\/wp\/v2\/media?parent=12"}],"curies":[{"name":"wp","href":"https:\/\/api.w.org\/{rel}","templated":true}]}}